{"id":619,"date":"2024-02-08T05:44:49","date_gmt":"2024-02-08T05:44:49","guid":{"rendered":"https:\/\/lelandesjeunes.org\/news\/"},"modified":"2024-03-14T03:14:30","modified_gmt":"2024-03-14T03:14:30","slug":"news","status":"publish","type":"page","link":"http:\/\/lelandesjeunes.org\/en\/news\/","title":{"rendered":"News"},"content":{"rendered":"\t\t<div data-elementor-type=\"wp-page\" data-elementor-id=\"619\" class=\"elementor elementor-619 elementor-216\" data-elementor-post-type=\"page\">\n\t\t\t\t<div data-particle_enable=\"false\" data-particle-mobile-disabled=\"false\" class=\"elementor-element elementor-element-dcbc4a8 e-con-full e-flex e-con e-parent\" data-id=\"dcbc4a8\" data-element_type=\"container\" data-settings=\"{&quot;background_background&quot;:&quot;classic&quot;}\" data-core-v316-plus=\"true\">\n\t\t\t\t<\/div>\n\t\t<div data-particle_enable=\"false\" data-particle-mobile-disabled=\"false\" class=\"elementor-element elementor-element-98b4de7 e-flex e-con-boxed e-con e-parent\" data-id=\"98b4de7\" data-element_type=\"container\" data-core-v316-plus=\"true\">\n\t\t\t\t\t<div class=\"e-con-inner\">\n\t\t\t\t<div class=\"elementor-element elementor-element-4e8bcec elementor-widget elementor-widget-heading\" data-id=\"4e8bcec\" data-element_type=\"widget\" data-widget_type=\"heading.default\">\n\t\t\t\t<div class=\"elementor-widget-container\">\n\t\t\t<style>\/*! elementor - v3.20.0 - 20-03-2024 *\/\n.elementor-heading-title{padding:0;margin:0;line-height:1}.elementor-widget-heading .elementor-heading-title[class*=elementor-size-]>a{color:inherit;font-size:inherit;line-height:inherit}.elementor-widget-heading .elementor-heading-title.elementor-size-small{font-size:15px}.elementor-widget-heading .elementor-heading-title.elementor-size-medium{font-size:19px}.elementor-widget-heading .elementor-heading-title.elementor-size-large{font-size:29px}.elementor-widget-heading .elementor-heading-title.elementor-size-xl{font-size:39px}.elementor-widget-heading .elementor-heading-title.elementor-size-xxl{font-size:59px}<\/style><h2 class=\"elementor-heading-title elementor-size-default\"><font color=\"#add262\">News<\/font><\/h2>\t\t<\/div>\n\t\t\t\t<\/div>\n\t\t\t\t\t<\/div>\n\t\t\t\t<\/div>\n\t\t<div data-particle_enable=\"false\" data-particle-mobile-disabled=\"false\" class=\"elementor-element elementor-element-df6473e e-flex e-con-boxed e-con e-parent\" data-id=\"df6473e\" data-element_type=\"container\" data-core-v316-plus=\"true\">\n\t\t\t\t\t<div class=\"e-con-inner\">\n\t\t\t\t<div class=\"elementor-element elementor-element-6498a10 uael-post__link-complete-yes uael-posts-thumbnail-ratio elementor-widget elementor-widget-uael-posts\" data-id=\"6498a10\" data-element_type=\"widget\" data-settings=\"{&quot;classic_show_filters&quot;:&quot;yes&quot;,&quot;classic_slides_to_show&quot;:3,&quot;classic_slides_to_show_tablet&quot;:2,&quot;classic_slides_to_show_mobile&quot;:1}\" data-widget_type=\"uael-posts.classic\">\n\t\t\t\t<div class=\"elementor-widget-container\">\n\t\t\t\t\t<div class=\"uael-post__grid-empty\">\n\t\t\t<p>D\u00e9sol\u00e9, nous n'avons trouv\u00e9 aucun message. Veuillez essayer une recherche diff\u00e9rente.<\/p>\n\t\t\t\t\t<\/div>\n\t\t\t\t<\/div>\n\t\t\t\t<\/div>\n\t\t\t\t\t<\/div>\n\t\t\t\t<\/div>\n\t\t\t\t<\/div>\n\t\t","protected":false},"excerpt":{"rendered":"<p>News All Actualit\u00e9s \u00c9v\u00e9nement Rapport annuel Actualit\u00e9s Rapport Read more \u2192 Actualit\u00e9s \u00c9v\u00e9nement Read more \u2192 Actualit\u00e9s \u00c9v\u00e9nement nouveau Read more \u2192<\/p>\n","protected":false},"author":1,"featured_media":0,"parent":0,"menu_order":0,"comment_status":"closed","ping_status":"closed","template":"","meta":{"site-sidebar-layout":"no-sidebar","site-content-layout":"","ast-site-content-layout":"full-width-container","site-content-style":"default","site-sidebar-style":"default","ast-global-header-display":"","ast-banner-title-visibility":"","ast-main-header-display":"","ast-hfb-above-header-display":"","ast-hfb-below-header-display":"","ast-hfb-mobile-header-display":"","site-post-title":"disabled","ast-breadcrumbs-content":"","ast-featured-img":"disabled","footer-sml-layout":"","theme-transparent-header-meta":"","adv-header-id-meta":"","stick-header-meta":"","header-above-stick-meta":"","header-main-stick-meta":"","header-below-stick-meta":"","astra-migrate-meta-layouts":"default","ast-page-background-enabled":"default","ast-page-background-meta":{"desktop":{"background-color":"var(--ast-global-color-4)","background-image":"","background-repeat":"repeat","background-position":"center center","background-size":"auto","background-attachment":"scroll","background-type":"","background-media":"","overlay-type":"","overlay-color":"","overlay-gradient":""},"tablet":{"background-color":"","background-image":"","background-repeat":"repeat","background-position":"center center","background-size":"auto","background-attachment":"scroll","background-type":"","background-media":"","overlay-type":"","overlay-color":"","overlay-gradient":""},"mobile":{"background-color":"","background-image":"","background-repeat":"repeat","background-position":"center center","background-size":"auto","background-attachment":"scroll","background-type":"","background-media":"","overlay-type":"","overlay-color":"","overlay-gradient":""}},"ast-content-background-meta":{"desktop":{"background-color":"var(--ast-global-color-5)","background-image":"","background-repeat":"repeat","background-position":"center center","background-size":"auto","background-attachment":"scroll","background-type":"","background-media":"","overlay-type":"","overlay-color":"","overlay-gradient":""},"tablet":{"background-color":"var(--ast-global-color-5)","background-image":"","background-repeat":"repeat","background-position":"center center","background-size":"auto","background-attachment":"scroll","background-type":"","background-media":"","overlay-type":"","overlay-color":"","overlay-gradient":""},"mobile":{"background-color":"var(--ast-global-color-5)","background-image":"","background-repeat":"repeat","background-position":"center center","background-size":"auto","background-attachment":"scroll","background-type":"","background-media":"","overlay-type":"","overlay-color":"","overlay-gradient":""}},"footnotes":""},"class_list":["post-619","page","type-page","status-publish","hentry"],"yoast_head":"<!-- This site is optimized with the Yoast SEO plugin v22.3 - https:\/\/yoast.com\/wordpress\/plugins\/seo\/ -->\n<title>News - L&#039;\u00c9lan des Jeunes<\/title>\n<meta name=\"robots\" content=\"index, follow, max-snippet:-1, max-image-preview:large, max-video-preview:-1\" \/>\n<link rel=\"canonical\" href=\"http:\/\/lelandesjeunes.org\/en\/news\/\" \/>\n<meta property=\"og:locale\" content=\"en_US\" \/>\n<meta property=\"og:type\" content=\"article\" \/>\n<meta property=\"og:title\" content=\"News - L&#039;\u00c9lan des Jeunes\" \/>\n<meta property=\"og:description\" content=\"News All Actualit\u00e9s \u00c9v\u00e9nement Rapport annuel Actualit\u00e9s Rapport Read more \u2192 Actualit\u00e9s \u00c9v\u00e9nement Read more \u2192 Actualit\u00e9s \u00c9v\u00e9nement nouveau Read more \u2192\" \/>\n<meta property=\"og:url\" content=\"http:\/\/lelandesjeunes.org\/en\/news\/\" \/>\n<meta property=\"og:site_name\" content=\"L&#039;\u00c9lan des Jeunes\" \/>\n<meta property=\"article:modified_time\" content=\"2024-03-14T03:14:30+00:00\" \/>\n<meta property=\"og:image\" content=\"https:\/\/lelandesjeunes.org\/wp-content\/uploads\/2024\/02\/5.jpg\" \/>\n<meta name=\"twitter:card\" content=\"summary_large_image\" \/>\n<script type=\"application\/ld+json\" class=\"yoast-schema-graph\">{\"@context\":\"https:\/\/schema.org\",\"@graph\":[{\"@type\":\"WebPage\",\"@id\":\"http:\/\/lelandesjeunes.org\/en\/news\/\",\"url\":\"http:\/\/lelandesjeunes.org\/en\/news\/\",\"name\":\"News - L&#039;\u00c9lan des Jeunes\",\"isPartOf\":{\"@id\":\"https:\/\/lelandesjeunes.org\/en\/#website\"},\"primaryImageOfPage\":{\"@id\":\"http:\/\/lelandesjeunes.org\/en\/news\/#primaryimage\"},\"image\":{\"@id\":\"http:\/\/lelandesjeunes.org\/en\/news\/#primaryimage\"},\"thumbnailUrl\":\"https:\/\/lelandesjeunes.org\/wp-content\/uploads\/2024\/02\/5.jpg\",\"datePublished\":\"2024-02-08T05:44:49+00:00\",\"dateModified\":\"2024-03-14T03:14:30+00:00\",\"breadcrumb\":{\"@id\":\"http:\/\/lelandesjeunes.org\/en\/news\/#breadcrumb\"},\"inLanguage\":\"en-US\",\"potentialAction\":[{\"@type\":\"ReadAction\",\"target\":[\"http:\/\/lelandesjeunes.org\/en\/news\/\"]}]},{\"@type\":\"ImageObject\",\"inLanguage\":\"en-US\",\"@id\":\"http:\/\/lelandesjeunes.org\/en\/news\/#primaryimage\",\"url\":\"http:\/\/lelandesjeunes.org\/wp-content\/uploads\/2024\/02\/5.jpg\",\"contentUrl\":\"http:\/\/lelandesjeunes.org\/wp-content\/uploads\/2024\/02\/5.jpg\",\"width\":1920,\"height\":1000},{\"@type\":\"BreadcrumbList\",\"@id\":\"http:\/\/lelandesjeunes.org\/en\/news\/#breadcrumb\",\"itemListElement\":[{\"@type\":\"ListItem\",\"position\":1,\"name\":\"Accueil\",\"item\":\"https:\/\/lelandesjeunes.org\/en\/\"},{\"@type\":\"ListItem\",\"position\":2,\"name\":\"News\"}]},{\"@type\":\"WebSite\",\"@id\":\"https:\/\/lelandesjeunes.org\/en\/#website\",\"url\":\"https:\/\/lelandesjeunes.org\/en\/\",\"name\":\"L&#039;\u00c9lan des Jeunes\",\"description\":\"Organisme\",\"potentialAction\":[{\"@type\":\"SearchAction\",\"target\":{\"@type\":\"EntryPoint\",\"urlTemplate\":\"https:\/\/lelandesjeunes.org\/en\/?s={search_term_string}\"},\"query-input\":\"required name=search_term_string\"}],\"inLanguage\":\"en-US\"}]}<\/script>\n<!-- \/ Yoast SEO plugin. -->","yoast_head_json":{"title":"News - L&#039;\u00c9lan des Jeunes","robots":{"index":"index","follow":"follow","max-snippet":"max-snippet:-1","max-image-preview":"max-image-preview:large","max-video-preview":"max-video-preview:-1"},"canonical":"http:\/\/lelandesjeunes.org\/en\/news\/","og_locale":"en_US","og_type":"article","og_title":"News - L&#039;\u00c9lan des Jeunes","og_description":"News All Actualit\u00e9s \u00c9v\u00e9nement Rapport annuel Actualit\u00e9s Rapport Read more \u2192 Actualit\u00e9s \u00c9v\u00e9nement Read more \u2192 Actualit\u00e9s \u00c9v\u00e9nement nouveau Read more \u2192","og_url":"http:\/\/lelandesjeunes.org\/en\/news\/","og_site_name":"L&#039;\u00c9lan des Jeunes","article_modified_time":"2024-03-14T03:14:30+00:00","og_image":[{"url":"https:\/\/lelandesjeunes.org\/wp-content\/uploads\/2024\/02\/5.jpg"}],"twitter_card":"summary_large_image","schema":{"@context":"https:\/\/schema.org","@graph":[{"@type":"WebPage","@id":"http:\/\/lelandesjeunes.org\/en\/news\/","url":"http:\/\/lelandesjeunes.org\/en\/news\/","name":"News - L&#039;\u00c9lan des Jeunes","isPartOf":{"@id":"https:\/\/lelandesjeunes.org\/en\/#website"},"primaryImageOfPage":{"@id":"http:\/\/lelandesjeunes.org\/en\/news\/#primaryimage"},"image":{"@id":"http:\/\/lelandesjeunes.org\/en\/news\/#primaryimage"},"thumbnailUrl":"https:\/\/lelandesjeunes.org\/wp-content\/uploads\/2024\/02\/5.jpg","datePublished":"2024-02-08T05:44:49+00:00","dateModified":"2024-03-14T03:14:30+00:00","breadcrumb":{"@id":"http:\/\/lelandesjeunes.org\/en\/news\/#breadcrumb"},"inLanguage":"en-US","potentialAction":[{"@type":"ReadAction","target":["http:\/\/lelandesjeunes.org\/en\/news\/"]}]},{"@type":"ImageObject","inLanguage":"en-US","@id":"http:\/\/lelandesjeunes.org\/en\/news\/#primaryimage","url":"http:\/\/lelandesjeunes.org\/wp-content\/uploads\/2024\/02\/5.jpg","contentUrl":"http:\/\/lelandesjeunes.org\/wp-content\/uploads\/2024\/02\/5.jpg","width":1920,"height":1000},{"@type":"BreadcrumbList","@id":"http:\/\/lelandesjeunes.org\/en\/news\/#breadcrumb","itemListElement":[{"@type":"ListItem","position":1,"name":"Accueil","item":"https:\/\/lelandesjeunes.org\/en\/"},{"@type":"ListItem","position":2,"name":"News"}]},{"@type":"WebSite","@id":"https:\/\/lelandesjeunes.org\/en\/#website","url":"https:\/\/lelandesjeunes.org\/en\/","name":"L&#039;\u00c9lan des Jeunes","description":"Organisme","potentialAction":[{"@type":"SearchAction","target":{"@type":"EntryPoint","urlTemplate":"https:\/\/lelandesjeunes.org\/en\/?s={search_term_string}"},"query-input":"required name=search_term_string"}],"inLanguage":"en-US"}]}},"_links":{"self":[{"href":"http:\/\/lelandesjeunes.org\/en\/wp-json\/wp\/v2\/pages\/619","targetHints":{"allow":["GET"]}}],"collection":[{"href":"http:\/\/lelandesjeunes.org\/en\/wp-json\/wp\/v2\/pages"}],"about":[{"href":"http:\/\/lelandesjeunes.org\/en\/wp-json\/wp\/v2\/types\/page"}],"author":[{"embeddable":true,"href":"http:\/\/lelandesjeunes.org\/en\/wp-json\/wp\/v2\/users\/1"}],"replies":[{"embeddable":true,"href":"http:\/\/lelandesjeunes.org\/en\/wp-json\/wp\/v2\/comments?post=619"}],"version-history":[{"count":1,"href":"http:\/\/lelandesjeunes.org\/en\/wp-json\/wp\/v2\/pages\/619\/revisions"}],"predecessor-version":[{"id":620,"href":"http:\/\/lelandesjeunes.org\/en\/wp-json\/wp\/v2\/pages\/619\/revisions\/620"}],"wp:attachment":[{"href":"http:\/\/lelandesjeunes.org\/en\/wp-json\/wp\/v2\/media?parent=619"}],"curies":[{"name":"wp","href":"https:\/\/api.w.org\/{rel}","templated":true}]}}